{"id":31,"date":"2013-11-26T21:15:42","date_gmt":"2013-11-26T19:15:42","guid":{"rendered":"http:\/\/www.mannheim-mixers-sdc.de\/wordpress\/?page_id=31"},"modified":"2025-08-30T17:57:48","modified_gmt":"2025-08-30T15:57:48","slug":"clogging","status":"publish","type":"page","link":"https:\/\/www.mannheim-mixers-sdc.de\/?page_id=31","title":{"rendered":"Clogging"},"content":{"rendered":"<pre><span style=\"font-family: Comic Sans MS, sans-serif;\"><span style=\"color: #ff6600; font-size: large;\">Was<\/span><span style=\"color: #ff6600; font-size: large;\"> ist Clogging?<\/span><\/span><\/pre>\n<p><span style=\"font-family: Comic Sans MS, sans-serif; font-size: large;\"><span style=\"color: #ffff00;\"><b>Clogging<\/b><\/span> vereinigt Elemente aus allen europ\u00e4ischen Steptanzarten mit indianischen und afrikanischen Einfl\u00fcssen zu einer sehr lebhaften und abwechslungsreichen neuen <span style=\"color: #ffff00;\"><b>Steptanzart<\/b><\/span>. Getanzt wird vor allem auf <b>Country-, Rock- und Popmusik<\/b>; im Prinzip sind der Musikauswahl aber keine Grenzen gesetzt. Clogging tanzt man vorwiegend <span style=\"color: #ffff00;\"><b>ohne Partner<\/b><\/span> in einer Formation wie bei Line Dance, es gibt jedoch auch <b>Partner- und Gruppent\u00e4nze<\/b>.\u00a0 Nat\u00fcrlich darf auch bei Clogging das richtige Schuhwerk nicht fehlen! Im Gegensatz zum klassischen Steptanz haben <span style=\"color: #ffff00;\"><b>Cloggingschuhe<\/b><\/span> vorne und hinten <span style=\"color: #ffff00;\"><b>doppelte Stepeisen<\/b><\/span>, was den Klang heller und lauter macht. Beim Clogging werden keine Choreographien auswendig gelernt. Stattdessen lernen die T\u00e4nzer <span style=\"color: #ffff00;\"><b>Schrittkombinationen<\/b><\/span> und deren Namen. Diese Schrittkombinationen werden zu Choreographien zusammengesetzt und vom <span style=\"color: #ffff00;\"><b>Instructor<\/b><\/span> den T\u00e4nzern eine nach der anderen angesagt. Das hat einige <b>Vorteile<\/b>: zum einen kann man <b><span style=\"color: #ffff00;\">\u00fcberall jedes Lied mittanzen<\/span><\/b>, wenn man die entsprechenden Schritte gelernt hat, zum anderen k\u00f6nnen die <b>Choreographien<\/b> wesentlich einfacher aufgeschrieben werden und sind somit allen Interessierten <b>dauerhaft zug\u00e4nglich<\/b>.\u00a0 <a name=\"history\"><\/a><a name=\"history\"><\/a><\/span><\/p>\n<pre><span style=\"color: #ff6600; font-family: Comic Sans MS, sans-serif; font-size: large;\">Wie hat sich Clogging entwickelt?<\/span><\/pre>\n<p><span style=\"font-family: Comic Sans MS, sans-serif; font-size: large;\">Die Geschichte von Clogging beginnt Mitte des 17. Jahrhunderts in den Appalachen, die von Iren, Schotten, Engl\u00e4ndern, Holl\u00e4ndern und Deutschen besiedelt wurden. Jede dieser Gruppen brachte seine eigenen Volkst\u00e4nze mit, aus denen sich schlie\u00dflich das heutige Clogging entwickelte. Das Wort &#8222;Clog&#8220; kommt aus dem G\u00e4lischen und bedeutet &#8222;Zeit&#8220;. W\u00e4hrend sich Clogging in ganz Amerika ausbreitete, kamen weitere Einfl\u00fcsse der Cherokee-Indianer, der afrikanisch-st\u00e4mmigen Bev\u00f6lkerung und russischer Aussiedler hinzu.<\/span><\/p>\n<pre><span style=\"color: #ff6600; font-family: Comic Sans MS, sans-serif; font-size: large;\">Wo kann ich mir Clogging einmal ansehen?<\/span><\/pre>\n<p><span style=\"font-family: Comic Sans MS, sans-serif; font-size: large;\">Wir\u00a0freuen\u00a0uns \u00fcber jede Besucherin und jeden Besucher! Schaut einfach mal unter\u00a0<a title=\"Wann und Wo\" href=\"https:\/\/www.mannheim-mixers-sdc.de\/?page_id=471\"><span style=\"color: #00ffff;\"><span style=\"color: #00ffff;\">Wann<\/span> und Wo<\/span><\/a>\u00a0nach,\u00a0wie ihr uns beim Clogging zuschauen k\u00f6nnt.<\/span><\/p>\n<pre><span style=\"color: #ff6600; font-family: Comic Sans MS, sans-serif; font-size: large;\">Wie und wo kann ich Clogging lernen?<\/span><\/pre>\n<p><span style=\"font-family: Comic Sans MS, sans-serif; font-size: large;\">Haben sich mehrere Interessenten gemeldet, dann\u00a0bieten\u00a0wir einen <b>Anf\u00e4ngerkurs<\/b> an (Kursgeb\u00fchr Erwachsene: 65\u20ac, Kursgeb\u00fchr Kinder und Jugendliche: 55\u20ac). Den Termin f\u00fcr den n\u00e4chsten\u00a0Kurs findet\u00a0ihr in diesem Fall unter <a title=\"Aktuelles\" href=\"https:\/\/www.mannheim-mixers-sdc.de\/?page_id=466\"><span style=\"color: #00ffff;\">Aktuelles<\/span><\/a>. Die Kurse gehen in der Regel <b>10 bis 15 Abende<\/b>, in denen ihr das gesamte <b>Grundprogramm (Basic-Level)<\/b> lernt. <b>Nach dem Kurs<\/b> seid ihr herzlich eingeladen als neues Mitglied\u00a0bei uns im Club das Gelernte zu \u00fcben und zu vertiefen!<\/span><\/p>\n","protected":false},"excerpt":{"rendered":"<p>Was ist Clogging? Clogging vereinigt Elemente aus allen europ\u00e4ischen Steptanzarten mit indianischen und afrikanischen Einfl\u00fcssen zu einer sehr lebhaften und abwechslungsreichen neuen Steptanzart. Getanzt wird vor allem auf Country-, Rock- und Popmusik; im Prinzip sind der Musikauswahl aber keine Grenzen gesetzt. Clogging tanzt man vorwiegend ohne Partner in einer Formation wie bei Line Dance, es [&hellip;]<\/p>\n","protected":false},"author":2,"featured_media":0,"parent":0,"menu_order":2,"comment_status":"closed","ping_status":"closed","template":"","meta":{"ngg_post_thumbnail":0,"footnotes":""},"class_list":["post-31","page","type-page","status-publish","hentry"],"_links":{"self":[{"href":"https:\/\/www.mannheim-mixers-sdc.de\/index.php?rest_route=\/wp\/v2\/pages\/31","targetHints":{"allow":["GET"]}}],"collection":[{"href":"https:\/\/www.mannheim-mixers-sdc.de\/index.php?rest_route=\/wp\/v2\/pages"}],"about":[{"href":"https:\/\/www.mannheim-mixers-sdc.de\/index.php?rest_route=\/wp\/v2\/types\/page"}],"author":[{"embeddable":true,"href":"https:\/\/www.mannheim-mixers-sdc.de\/index.php?rest_route=\/wp\/v2\/users\/2"}],"replies":[{"embeddable":true,"href":"https:\/\/www.mannheim-mixers-sdc.de\/index.php?rest_route=%2Fwp%2Fv2%2Fcomments&post=31"}],"version-history":[{"count":29,"href":"https:\/\/www.mannheim-mixers-sdc.de\/index.php?rest_route=\/wp\/v2\/pages\/31\/revisions"}],"predecessor-version":[{"id":538,"href":"https:\/\/www.mannheim-mixers-sdc.de\/index.php?rest_route=\/wp\/v2\/pages\/31\/revisions\/538"}],"wp:attachment":[{"href":"https:\/\/www.mannheim-mixers-sdc.de\/index.php?rest_route=%2Fwp%2Fv2%2Fmedia&parent=31"}],"curies":[{"name":"wp","href":"https:\/\/api.w.org\/{rel}","templated":true}]}}