{"id":511,"date":"2014-03-17T21:02:29","date_gmt":"2014-03-17T19:02:29","guid":{"rendered":"http:\/\/www.mannheim-mixers-sdc.de\/?page_id=511"},"modified":"2025-08-30T18:00:10","modified_gmt":"2025-08-30T16:00:10","slug":"voraussetzungen-fuer-auftritte","status":"publish","type":"page","link":"https:\/\/www.mannheim-mixers-sdc.de\/?page_id=511","title":{"rendered":"Voraussetzungen f\u00fcr Auftritte"},"content":{"rendered":"<ul>\n<li>\u00a0<span style=\"font-family: Comic Sans MS, sans-serif; font-size: large;\">Ausreichend Platz\u00a0( &gt; 5 x 3m )<\/span><\/li>\n<li><span style=\"font-family: Comic Sans MS, sans-serif; font-size: large;\">Boden\u00a0vertr\u00e4gt Stahlsohlen<\/span><\/li>\n<\/ul>\n<p style=\"padding-left: 60px;\"><span style=\"font-family: Comic Sans MS, sans-serif; font-size: large;\">Wir bieten auch Auftritte mit Tanzteppich an. Dies vergr\u00f6\u00dfert aber den Aufwand und senkt\u00a0den\u00a0akkustischen Effekt &#8230; ohne ist besser! Ideal ist ein Holzboden, aber auch Auftritte auf Kunststoffb\u00f6den sind ohne Abdeckung m\u00f6glich.\u00a0Auf Steinb\u00f6den hingegen k\u00f6nnen wir nur mit Unterlage auftreten.<\/span><\/p>\n<ul>\n<li><span style=\"font-family: Comic Sans MS, sans-serif; font-size: large;\">Als Veranstalter tragt\u00a0Ihr\u00a0eventuell anfallende GEMA-Kosten, soweit die Veranstaltung GEMA-pflichtig ist.<\/span><\/li>\n<\/ul>\n<p style=\"padding-left: 60px;\"><span style=\"color: #ffff00; font-family: Comic Sans MS, sans-serif; font-size: large;\">Bei Interesse an einem Auftritt bitte einfach melden (Info unter<\/span> <span style=\"color: #00ffff; font-family: Comic Sans MS, sans-serif; font-size: large;\"><a title=\"Kontakt\" href=\"https:\/\/www.mannheim-mixers-sdc.de\/?page_id=74\"><span style=\"color: #00ffff;\">Kontakt<\/span><\/a><span style=\"color: #ffff00;\">)<\/span><\/span><\/p>\n","protected":false},"excerpt":{"rendered":"<p>\u00a0Ausreichend Platz\u00a0( &gt; 5 x 3m ) Boden\u00a0vertr\u00e4gt Stahlsohlen Wir bieten auch Auftritte mit Tanzteppich an. Dies vergr\u00f6\u00dfert aber den Aufwand und senkt\u00a0den\u00a0akkustischen Effekt &#8230; ohne ist besser! Ideal ist ein Holzboden, aber auch Auftritte auf Kunststoffb\u00f6den sind ohne Abdeckung m\u00f6glich.\u00a0Auf Steinb\u00f6den hingegen k\u00f6nnen wir nur mit Unterlage auftreten. Als Veranstalter tragt\u00a0Ihr\u00a0eventuell anfallende GEMA-Kosten, soweit [&hellip;]<\/p>\n","protected":false},"author":2,"featured_media":0,"parent":0,"menu_order":12,"comment_status":"closed","ping_status":"closed","template":"","meta":{"ngg_post_thumbnail":0,"footnotes":""},"class_list":["post-511","page","type-page","status-publish","hentry"],"_links":{"self":[{"href":"https:\/\/www.mannheim-mixers-sdc.de\/index.php?rest_route=\/wp\/v2\/pages\/511","targetHints":{"allow":["GET"]}}],"collection":[{"href":"https:\/\/www.mannheim-mixers-sdc.de\/index.php?rest_route=\/wp\/v2\/pages"}],"about":[{"href":"https:\/\/www.mannheim-mixers-sdc.de\/index.php?rest_route=\/wp\/v2\/types\/page"}],"author":[{"embeddable":true,"href":"https:\/\/www.mannheim-mixers-sdc.de\/index.php?rest_route=\/wp\/v2\/users\/2"}],"replies":[{"embeddable":true,"href":"https:\/\/www.mannheim-mixers-sdc.de\/index.php?rest_route=%2Fwp%2Fv2%2Fcomments&post=511"}],"version-history":[{"count":13,"href":"https:\/\/www.mannheim-mixers-sdc.de\/index.php?rest_route=\/wp\/v2\/pages\/511\/revisions"}],"predecessor-version":[{"id":532,"href":"https:\/\/www.mannheim-mixers-sdc.de\/index.php?rest_route=\/wp\/v2\/pages\/511\/revisions\/532"}],"wp:attachment":[{"href":"https:\/\/www.mannheim-mixers-sdc.de\/index.php?rest_route=%2Fwp%2Fv2%2Fmedia&parent=511"}],"curies":[{"name":"wp","href":"https:\/\/api.w.org\/{rel}","templated":true}]}}