{"id":805,"date":"2014-08-31T16:35:29","date_gmt":"2014-08-31T14:35:29","guid":{"rendered":"http:\/\/www.mannheim-mixers-sdc.de\/?page_id=805"},"modified":"2025-08-30T18:00:00","modified_gmt":"2025-08-30T16:00:00","slug":"bildergalerien","status":"publish","type":"page","link":"https:\/\/www.mannheim-mixers-sdc.de\/?page_id=805","title":{"rendered":"Bildergalerien"},"content":{"rendered":"<p><span style=\"font-family: Comic Sans MS, sans-serif; font-size: 14pt;\">Bitte einfach auf die Beschreibung klicken und die zugeh\u00f6rige Bildergalerie \u00f6ffnet sich! Durch Doppelklick auf das Bild wird es vergr\u00f6\u00dfert angezeigt. <\/span><\/p>\n<p><a href=\"https:\/\/www.mannheim-mixers-sdc.de\/?p=1598\" target=\"_blank\" rel=\"noopener\"><span style=\"font-family: Comic\\ Sans\\ MS, sans-serif; font-size: 14pt; color: #ff9900;\">Clogging-Wochenende auf der Burg Altleiningen 2018<\/span><\/a><\/p>\n<p><a href=\"https:\/\/www.mannheim-mixers-sdc.de\/?p=1389\" target=\"_blank\" rel=\"noopener\"><span style=\"font-family: Comic Sans MS,sans-serif; font-size: 14pt; color: #ff9900;\">Unser Instructor Pascal<\/span><\/a><\/p>\n<p><a href=\"https:\/\/www.mannheim-mixers-sdc.de\/?p=1683\" target=\"_blank\" rel=\"noopener\"><span style=\"color: #ff9900; font-family: Comic Sans MS, sans-serif; font-size: 14pt;\">Unser Instructor Sandra<\/span><\/a><\/p>\n<p><a href=\"https:\/\/www.mannheim-mixers-sdc.de\/?p=1681\" target=\"_blank\" rel=\"noopener\"><span style=\"font-family: Comic Sans MS, sans-serif; color: #ff9900; font-size: 14pt;\">Unser Instructor Lena<\/span><\/a><\/p>\n<p><a href=\"https:\/\/www.mannheim-mixers-sdc.de\/?p=1689\" target=\"_blank\" rel=\"noopener\"><span style=\"font-family: Comic Sans MS, sans-serif; font-size: 14pt; color: #ff9900;\">Unser Instructor Sylvia<\/span><\/a><\/p>\n<p><span style=\"color: #ff9900;\"><a style=\"color: #ff9900; text-decoration: underline;\" href=\"https:\/\/www.mannheim-mixers-sdc.de\/?p=1116\" target=\"_blank\" rel=\"noopener\"><span style=\"font-family: Comic Sans MS,sans-serif; font-size: 14pt;\">Stadtfest B\u00fcrstadt 2015<\/span><\/a><\/span><\/p>\n<p><a title=\"Peter\u2019s Hacienda 2014\" href=\"https:\/\/www.mannheim-mixers-sdc.de\/?p=816\" target=\"_blank\" rel=\"noopener\"><span style=\"color: #ff9900; font-family: Comic Sans MS, sans-serif; font-size: 14pt;\">Peter&#8217;s Hacienda 2014<\/span><\/a><\/p>\n<p><a title=\"Clogging-Wochenende auf der Burg Altleiningen 2014\" href=\"https:\/\/www.mannheim-mixers-sdc.de\/?p=857\" target=\"_blank\" rel=\"noopener\"><span style=\"color: #ff9900; font-family: Comic Sans MS, sans-serif; font-size: 14pt;\">Clogging-Wochenende auf der Burg Altleiningen 2014<\/span><\/a><\/p>\n<p><a title=\"Peter\u2019s Hacienda 2013\" href=\"https:\/\/www.mannheim-mixers-sdc.de\/?p=851\" target=\"_blank\" rel=\"noopener\"><span style=\"color: #ff9900; font-family: Comic Sans MS, sans-serif; font-size: 14pt;\">Peter&#8217;s Hacienda 2013<\/span><\/a><\/p>\n<p><a title=\"Thea\u2019s 80. Geburtstag\" href=\"https:\/\/www.mannheim-mixers-sdc.de\/?p=917\" target=\"_blank\" rel=\"noopener\"><span style=\"color: #ff9900; font-family: Comic Sans MS, sans-serif; font-size: 14pt;\">Thea&#8217;s 80. Geburtstag<\/span><\/a><\/p>\n","protected":false},"excerpt":{"rendered":"<p>Bitte einfach auf die Beschreibung klicken und die zugeh\u00f6rige Bildergalerie \u00f6ffnet sich! Durch Doppelklick auf das Bild wird es vergr\u00f6\u00dfert angezeigt. Clogging-Wochenende auf der Burg Altleiningen 2018 Unser Instructor Pascal Unser Instructor Sandra Unser Instructor Lena Unser Instructor Sylvia Stadtfest B\u00fcrstadt 2015 Peter&#8217;s Hacienda 2014 Clogging-Wochenende auf der Burg Altleiningen 2014 Peter&#8217;s Hacienda 2013 Thea&#8217;s [&hellip;]<\/p>\n","protected":false},"author":2,"featured_media":0,"parent":0,"menu_order":11,"comment_status":"closed","ping_status":"closed","template":"","meta":{"ngg_post_thumbnail":0,"footnotes":""},"class_list":["post-805","page","type-page","status-publish","hentry"],"_links":{"self":[{"href":"https:\/\/www.mannheim-mixers-sdc.de\/index.php?rest_route=\/wp\/v2\/pages\/805","targetHints":{"allow":["GET"]}}],"collection":[{"href":"https:\/\/www.mannheim-mixers-sdc.de\/index.php?rest_route=\/wp\/v2\/pages"}],"about":[{"href":"https:\/\/www.mannheim-mixers-sdc.de\/index.php?rest_route=\/wp\/v2\/types\/page"}],"author":[{"embeddable":true,"href":"https:\/\/www.mannheim-mixers-sdc.de\/index.php?rest_route=\/wp\/v2\/users\/2"}],"replies":[{"embeddable":true,"href":"https:\/\/www.mannheim-mixers-sdc.de\/index.php?rest_route=%2Fwp%2Fv2%2Fcomments&post=805"}],"version-history":[{"count":34,"href":"https:\/\/www.mannheim-mixers-sdc.de\/index.php?rest_route=\/wp\/v2\/pages\/805\/revisions"}],"predecessor-version":[{"id":1947,"href":"https:\/\/www.mannheim-mixers-sdc.de\/index.php?rest_route=\/wp\/v2\/pages\/805\/revisions\/1947"}],"wp:attachment":[{"href":"https:\/\/www.mannheim-mixers-sdc.de\/index.php?rest_route=%2Fwp%2Fv2%2Fmedia&parent=805"}],"curies":[{"name":"wp","href":"https:\/\/api.w.org\/{rel}","templated":true}]}}